{"id":1079,"date":"2015-07-29T13:44:44","date_gmt":"2015-07-29T13:44:44","guid":{"rendered":"https:\/\/blockart-agency.sites.qsandbox.com\/?page_id=4"},"modified":"2022-06-15T12:46:55","modified_gmt":"2022-06-15T12:46:55","slug":"home","status":"publish","type":"page","link":"http:\/\/okta-kompostnik.si\/","title":{"rendered":"Home"},"content":{"rendered":"\n<div class=\"blockart-section blockart-section-3274e693\"><div class=\"blockart-container\"><div class=\"blockart-section-inner\">\n<div class=\"blockart-column blockart-column-5c451749\"><div class=\"blockart-column-inner\">\n<h1 class=\"blockart-heading blockart-heading-715dd37b\">OKTA Kompostnik<\/h1>\n\n\n\n<p class=\"blockart-paragraph blockart-paragraph-1ad4af93\">OKTA kompostnik je profesionalna naprava za kompostiranje zelenega odpada. Z napravo enostavno vzdr\u017eujemo pogoje za vro\u010de kompostiranje, kar omogo\u010da, da se proces zaklju\u010di \u017ee v 3-4 tednih.<\/p>\n<\/div><\/div>\n\n\n\n<div class=\"blockart-column blockart-column-717e808b\"><div class=\"blockart-column-inner\">\n<figure class=\"wp-block-image size-large\"><img loading=\"lazy\" decoding=\"async\" width=\"1024\" height=\"1024\" src=\"http:\/\/okta-kompostnik.si\/wp-content\/uploads\/2022\/06\/10_06_2022_003-1024x1024.png\" alt=\"\" class=\"wp-image-1097\" srcset=\"http:\/\/okta-kompostnik.si\/wp-content\/uploads\/2022\/06\/10_06_2022_003-1024x1024.png 1024w, http:\/\/okta-kompostnik.si\/wp-content\/uploads\/2022\/06\/10_06_2022_003-300x300.png 300w, http:\/\/okta-kompostnik.si\/wp-content\/uploads\/2022\/06\/10_06_2022_003-100x100.png 100w, http:\/\/okta-kompostnik.si\/wp-content\/uploads\/2022\/06\/10_06_2022_003-600x600.png 600w, http:\/\/okta-kompostnik.si\/wp-content\/uploads\/2022\/06\/10_06_2022_003-150x150.png 150w, http:\/\/okta-kompostnik.si\/wp-content\/uploads\/2022\/06\/10_06_2022_003-768x768.png 768w, http:\/\/okta-kompostnik.si\/wp-content\/uploads\/2022\/06\/10_06_2022_003-1536x1536.png 1536w, http:\/\/okta-kompostnik.si\/wp-content\/uploads\/2022\/06\/10_06_2022_003-2048x2048.png 2048w\" sizes=\"auto, (max-width: 1024px) 100vw, 1024px\" \/><\/figure>\n<\/div><\/div>\n<\/div><\/div><\/div>\n\n\n\n<div class=\"blockart-section blockart-section-ca3b7b9f\"><div class=\"blockart-container\"><div class=\"blockart-section-inner\">\n<div class=\"blockart-column blockart-column-5fa93e18\"><div class=\"blockart-column-inner\">\n<div class=\"blockart-image blockart-image-f8461aa0\"><img decoding=\"async\" src=\"http:\/\/okta-kompostnik.si\/wp-content\/uploads\/2021\/12\/icon-idea.png\" alt=\"\"\/><\/div>\n\n\n\n<h2 class=\"blockart-heading blockart-heading-12f0ef49\">7 LET RAZVOJA<br><\/h2>\n<\/div><\/div>\n\n\n\n<div class=\"blockart-column blockart-column-4eff3299\"><div class=\"blockart-column-inner\">\n<div class=\"blockart-image blockart-image-9a37870e\"><img decoding=\"async\" src=\"http:\/\/okta-kompostnik.si\/wp-content\/uploads\/2021\/12\/icon-research.png\" alt=\"\"\/><\/div>\n\n\n\n<h2 class=\"blockart-heading blockart-heading-2276db7c\">MIKROBioLO\u0160KA PODPORA <br>IN celovit PRISTOP KOMPOSTIRANJA<\/h2>\n<\/div><\/div>\n\n\n\n<div class=\"blockart-column blockart-column-e090615f\"><div class=\"blockart-column-inner\">\n<div class=\"blockart-image blockart-image-1db335ff\"><img decoding=\"async\" src=\"http:\/\/okta-kompostnik.si\/wp-content\/uploads\/2021\/12\/icon-pixel-perfect.png\" alt=\"\"\/><\/div>\n\n\n\n<h2 class=\"blockart-heading blockart-heading-e868582c\">V CELOTI IZDELANO<br>v sloveniji<\/h2>\n<\/div><\/div>\n\n\n\n<div class=\"blockart-column blockart-column-71394df3\"><div class=\"blockart-column-inner\">\n<div class=\"blockart-image blockart-image-1460ab37\"><img decoding=\"async\" src=\"http:\/\/okta-kompostnik.si\/wp-content\/uploads\/2021\/12\/icon-seo-friendly.png\" alt=\"\"\/><\/div>\n\n\n\n<h2 class=\"blockart-heading blockart-heading-e08baca8\">NAJVE\u010cJI VRTLJIVI<br>KOMPOSTNIK NA TRGU<br><strong>2000 L<\/strong><\/h2>\n<\/div><\/div>\n<\/div><\/div><\/div>\n\n\n\n<div class=\"blockart-section blockart-section-2636e827\"><div class=\"blockart-container\"><div class=\"blockart-section-inner\">\n<div class=\"blockart-column blockart-column-c8fa061e\"><div class=\"blockart-column-inner\">\n<div class=\"blockart-image blockart-image-22183819\"><img decoding=\"async\" src=\"http:\/\/okta-kompostnik.si\/wp-content\/uploads\/2022\/06\/Vse.00_01_28_18.Still001-scaled.jpg\" alt=\"\"\/><\/div>\n<\/div><\/div>\n\n\n\n<div class=\"blockart-column blockart-column-0d62a340\"><div class=\"blockart-column-inner\">\n<h2 class=\"blockart-heading blockart-heading-f75800de\"><strong>\u201cV naravi ni ni\u010desar nekoristnega\u2026\u201d<\/strong><\/h2>\n\n\n\n<p class=\"blockart-paragraph blockart-paragraph-e936900e\">Na <strong>1ha<\/strong> obdelovalne povr\u0161ine se letno ustvari do <strong>80 m3<\/strong> zelenega odpada.<\/p>\n\n\n\n<p class=\"blockart-paragraph blockart-paragraph-b70cd9cb\">Zeleni odpad je <strong>odli\u010den vir za kompostiranje.<\/strong> Naj to ne bo ve\u010d  odpad, ampak odli\u010den vir za va\u0161e <strong>organsko gnojilo.<\/strong> <\/p>\n\n\n\n<p class=\"blockart-paragraph blockart-paragraph-191715c3\">  <\/p>\n\n\n\n<p class=\"blockart-paragraph blockart-paragraph-2076c85f\">Pri tem Vam bomo <strong>z veseljem pomagali<\/strong>!<\/p>\n<\/div><\/div>\n<\/div><\/div><\/div>\n\n\n\n<div class=\"blockart-section blockart-section-9a42f6df\"><div class=\"blockart-container\"><div class=\"blockart-section-inner\">\n<div class=\"blockart-column blockart-column-d2d27058\"><div class=\"blockart-column-inner\">\n<h2 class=\"blockart-heading blockart-heading-b0edfd7f\"><strong>Vgrajene funkcije OKTA kompostnik<\/strong>a<br><\/h2>\n\n\n\n<div class=\"wp-block-columns is-layout-flex wp-container-core-columns-is-layout-9d6595d7 wp-block-columns-is-layout-flex\">\n<div class=\"wp-block-column is-layout-flow wp-block-column-is-layout-flow\" style=\"flex-basis:100%\">\n<ul class=\"wp-block-list\"><li>Enostavna uporaba<\/li><li>Vrtenje z integriranim elektro motorjem (230V, 350W)<\/li><li>Volumen <strong>2000 L <\/strong><\/li><li>Vgrajen senzor temperature z zapisovanjem podatkov s spremljanjem na pametnem telefonu<\/li><li>Integriran drena\u017eni sistem<\/li><li>Integriran sistem zra\u010denja <\/li><li>Velika odprtina za la\u017eje polnjenje in praznjenje<\/li><li>Izdelano iz vrhunskih materialov, primerno za zunanjo uporabo<\/li><li>Atraktiven izgled<\/li><\/ul>\n<\/div>\n<\/div>\n<\/div><\/div>\n\n\n\n<div class=\"blockart-column blockart-column-618065d4 img-komp img-komp\"><div class=\"blockart-column-inner\">\n<figure class=\"wp-block-image size-medium is-style-rounded\"><img loading=\"lazy\" decoding=\"async\" width=\"300\" height=\"300\" src=\"http:\/\/okta-kompostnik.si\/wp-content\/uploads\/2022\/06\/10_06_2022_003-1-300x300.png\" alt=\"\" class=\"wp-image-1277\" srcset=\"http:\/\/okta-kompostnik.si\/wp-content\/uploads\/2022\/06\/10_06_2022_003-1-300x300.png 300w, http:\/\/okta-kompostnik.si\/wp-content\/uploads\/2022\/06\/10_06_2022_003-1-1024x1024.png 1024w, http:\/\/okta-kompostnik.si\/wp-content\/uploads\/2022\/06\/10_06_2022_003-1-150x150.png 150w, http:\/\/okta-kompostnik.si\/wp-content\/uploads\/2022\/06\/10_06_2022_003-1-768x768.png 768w, http:\/\/okta-kompostnik.si\/wp-content\/uploads\/2022\/06\/10_06_2022_003-1-1536x1536.png 1536w, http:\/\/okta-kompostnik.si\/wp-content\/uploads\/2022\/06\/10_06_2022_003-1-2048x2048.png 2048w, http:\/\/okta-kompostnik.si\/wp-content\/uploads\/2022\/06\/10_06_2022_003-1-600x600.png 600w, http:\/\/okta-kompostnik.si\/wp-content\/uploads\/2022\/06\/10_06_2022_003-1-100x100.png 100w\" sizes=\"auto, (max-width: 300px) 100vw, 300px\" \/><\/figure>\n<\/div><\/div>\n<\/div><\/div><\/div>\n\n\n\n<div class=\"blockart-section blockart-section-5b24aee6\"><div class=\"blockart-container\"><div class=\"blockart-section-inner\">\n<div class=\"blockart-column blockart-column-8ebf07e9\"><div class=\"blockart-column-inner\"><\/div><\/div>\n\n\n\n<div class=\"blockart-column blockart-column-01125634\"><div class=\"blockart-column-inner\">\n<h2 class=\"blockart-heading blockart-heading-25386736\">Spoznajte na\u0161o ekipo<\/h2>\n\n\n\n<p class=\"blockart-paragraph blockart-paragraph-6d68128a\">Sva brata, ki \u017eeliva s prepletanjem in\u017eenirskega in mikrobiolo\u0161kega znanja ustvariti sistem kompostiranja, ki bi strankam omogo\u010dil intenzivno uporabi kompostiranja kot lasten vir za pridobivanje organskih gnojil.  <\/p>\n<\/div><\/div>\n\n\n\n<div class=\"blockart-column blockart-column-86501f87\"><div class=\"blockart-column-inner\"><\/div><\/div>\n<\/div><\/div><\/div>\n\n\n\n<div class=\"blockart-section blockart-section-93b237fb\"><div class=\"blockart-container\"><div class=\"blockart-section-inner\">\n<div class=\"blockart-column blockart-column-9a68ba53\"><div class=\"blockart-column-inner\">\n<div class=\"blockart-image blockart-image-fea78d82\"><img decoding=\"async\" src=\"http:\/\/okta-kompostnik.si\/wp-content\/uploads\/2022\/06\/IMG-4175-scaled.jpg\" alt=\"\"\/><\/div>\n\n\n\n<h3 class=\"blockart-heading blockart-heading-677a3ece is-small\">Luka Avber\u0161ek, <strong>univ. dipl. in\u017e. el<\/strong><\/h3>\n\n\n\n<p class=\"has-text-align-center\">Vodja razvoja naprave in vodja projekta<\/p>\n<\/div><\/div>\n\n\n\n<div class=\"blockart-column blockart-column-4d96f178\"><div class=\"blockart-column-inner\">\n<div class=\"blockart-image blockart-image-0737a8cb\"><img decoding=\"async\" src=\"http:\/\/okta-kompostnik.si\/wp-content\/uploads\/2022\/06\/IMG-4180-scaled.jpg\" alt=\"\"\/><\/div>\n\n\n\n<h3 class=\"blockart-heading blockart-heading-396d4571 is-small\">Dr. Miha Avber\u0161ek, <strong>univ. dipl. mikrobiolog<\/strong><\/h3>\n\n\n\n<p class=\"has-text-align-center\">Razvoj kompostne metode in mikrobiolo\u0161ke raziskave<\/p>\n<\/div><\/div>\n<\/div><\/div><\/div>\n\n\n\n<div class=\"blockart-section blockart-section-d26c58f1\"><div class=\"blockart-container\"><div class=\"blockart-section-inner\">\n<div class=\"blockart-column blockart-column-67e8b0e2\"><div class=\"blockart-column-inner\">\n<h2 class=\"blockart-heading blockart-heading-0c9f9525\">Pri projektu sodelujejo tudi strokovnjaki iz:<\/h2>\n\n\n\n<p class=\"blockart-paragraph blockart-paragraph-92ba646b\"> Kmetijsko gozdarski zavod Celje<\/p>\n\n\n\n<p class=\"blockart-paragraph blockart-paragraph-391602e4\">Kmetjsko gozdarski zavod Maribor<\/p>\n\n\n\n<p class=\"blockart-paragraph blockart-paragraph-935a3d0f\">Kmetijski in\u0161titut Slovenije <\/p>\n<\/div><\/div>\n<\/div><\/div><\/div>\n\n\n\n<div class=\"blockart-section blockart-section-6cffd591\"><div class=\"blockart-container\"><div class=\"blockart-section-inner\">\n<div class=\"blockart-column blockart-column-263dd468\"><div class=\"blockart-column-inner\">\n<h2 class=\"blockart-heading blockart-heading-0a1747ef\">Imate vpra\u0161anje?<\/h2>\n\n\n\n<p class=\"blockart-paragraph blockart-paragraph-98be4072\">Imate vpra\u0161anje? Kontaktirajte nas in z veseljem vam bomo pomagali.<\/p>\n<\/div><\/div>\n\n\n\n<div class=\"blockart-column blockart-column-edf7c39e\"><div class=\"blockart-column-inner\">\n<div class=\"blockart-button blockart-button-5c80f038 \"><a class=\"blockart-button-link is-custom is-style-filled\" href=\"http:\/\/okta-kompostnik.si\/?page_id=582\">KONTAKT<\/a><\/div>\n<\/div><\/div>\n<\/div><\/div><\/div>\n\n\n\n<div class=\"blockart-section blockart-section-b2c957d8\"><div class=\"blockart-container\"><div class=\"blockart-section-inner\">\n<div class=\"blockart-column blockart-column-11db3020\"><div class=\"blockart-column-inner\"><\/div><\/div>\n<\/div><\/div><\/div>\n","protected":false},"excerpt":{"rendered":"","protected":false},"author":1,"featured_media":0,"parent":0,"menu_order":0,"comment_status":"closed","ping_status":"open","template":"page-templates\/pagebuilder.php","meta":{"footnotes":""},"class_list":["post-1079","page","type-page","status-publish","hentry"],"_links":{"self":[{"href":"http:\/\/okta-kompostnik.si\/index.php?rest_route=\/wp\/v2\/pages\/1079","targetHints":{"allow":["GET"]}}],"collection":[{"href":"http:\/\/okta-kompostnik.si\/index.php?rest_route=\/wp\/v2\/pages"}],"about":[{"href":"http:\/\/okta-kompostnik.si\/index.php?rest_route=\/wp\/v2\/types\/page"}],"author":[{"embeddable":true,"href":"http:\/\/okta-kompostnik.si\/index.php?rest_route=\/wp\/v2\/users\/1"}],"replies":[{"embeddable":true,"href":"http:\/\/okta-kompostnik.si\/index.php?rest_route=%2Fwp%2Fv2%2Fcomments&post=1079"}],"version-history":[{"count":91,"href":"http:\/\/okta-kompostnik.si\/index.php?rest_route=\/wp\/v2\/pages\/1079\/revisions"}],"predecessor-version":[{"id":1353,"href":"http:\/\/okta-kompostnik.si\/index.php?rest_route=\/wp\/v2\/pages\/1079\/revisions\/1353"}],"wp:attachment":[{"href":"http:\/\/okta-kompostnik.si\/index.php?rest_route=%2Fwp%2Fv2%2Fmedia&parent=1079"}],"curies":[{"name":"wp","href":"https:\/\/api.w.org\/{rel}","templated":true}]}}